{"id":6253,"date":"2023-01-14T17:09:12","date_gmt":"2023-01-14T16:09:12","guid":{"rendered":"https:\/\/thomasherrero.fr\/?page_id=6253"},"modified":"2023-06-29T22:07:55","modified_gmt":"2023-06-29T20:07:55","slug":"contact","status":"publish","type":"page","link":"https:\/\/thomasherrero.fr\/index.php\/contact\/","title":{"rendered":"Contact"},"content":{"rendered":"\t\t<div data-elementor-type=\"wp-page\" data-elementor-id=\"6253\" class=\"elementor elementor-6253\">\n\t\t\t\t\t\t<section class=\"elementor-section elementor-top-section elementor-element elementor-element-b4579b0 elementor-section-boxed elementor-section-height-default elementor-section-height-default edgtf-parallax-row-no edgtf-row-with-shadow-disabled edgtf-content-aligment-left edgtf-elementor-row-grid-no\" data-id=\"b4579b0\" data-element_type=\"section\">\n\t\t\t\t\t\t<div class=\"elementor-container elementor-column-gap-default\">\n\t\t\t\t\t<div class=\"elementor-column elementor-col-100 elementor-top-column elementor-element elementor-element-e1c2990\" data-id=\"e1c2990\" data-element_type=\"column\">\n\t\t\t<div class=\"elementor-widget-wrap elementor-element-populated\">\n\t\t\t\t\t\t<div class=\"elementor-element elementor-element-e99c092 elementor-widget__width-initial elementor-widget elementor-widget-text-editor\" data-id=\"e99c092\" data-element_type=\"widget\" data-widget_type=\"text-editor.default\">\n\t\t\t\t<div class=\"elementor-widget-container\">\n\t\t\t<style>\/*! elementor - v3.20.0 - 26-03-2024 *\/\n.elementor-widget-text-editor.elementor-drop-cap-view-stacked .elementor-drop-cap{background-color:#69727d;color:#fff}.elementor-widget-text-editor.elementor-drop-cap-view-framed .elementor-drop-cap{color:#69727d;border:3px solid;background-color:transparent}.elementor-widget-text-editor:not(.elementor-drop-cap-view-default) .elementor-drop-cap{margin-top:8px}.elementor-widget-text-editor:not(.elementor-drop-cap-view-default) .elementor-drop-cap-letter{width:1em;height:1em}.elementor-widget-text-editor .elementor-drop-cap{float:left;text-align:center;line-height:1;font-size:50px}.elementor-widget-text-editor .elementor-drop-cap-letter{display:inline-block}<\/style>\t\t\t\t<p>Qu&#8217;il s&#8217;agisse d&#8217;une simple question ou d&#8217;une collaboration potentielle, je serai ravi d&#8217;en parler avec vous.<\/p><p>N&#8217;oubliez pas de me suivre sur LinkedIn pour rester \u00e0 jour sur mon parcours.<\/p><p>Je suis impatient de commencer \u00e0 travailler avec vous pour d\u00e9velopper votre pr\u00e9sence en ligne et atteindre vos objectifs de marketing digital.<\/p><p>Au plaisir de vous aider \u00e0 transformer votre vision en r\u00e9alit\u00e9.<\/p>\t\t\t\t\t\t<\/div>\n\t\t\t\t<\/div>\n\t\t\t\t\t<\/div>\n\t\t<\/div>\n\t\t\t\t\t<\/div>\n\t\t<\/section>\n\t\t\t\t<section class=\"elementor-section elementor-top-section elementor-element elementor-element-4f446a7 elementor-section-boxed elementor-section-height-default elementor-section-height-default edgtf-parallax-row-no edgtf-row-with-shadow-disabled edgtf-content-aligment-left edgtf-elementor-row-grid-no\" data-id=\"4f446a7\" data-element_type=\"section\">\n\t\t\t\t\t\t<div class=\"elementor-container elementor-column-gap-default\">\n\t\t\t\t\t<div class=\"elementor-column elementor-col-100 elementor-top-column elementor-element elementor-element-04b9c60\" data-id=\"04b9c60\" data-element_type=\"column\">\n\t\t\t<div class=\"elementor-widget-wrap elementor-element-populated\">\n\t\t\t\t\t\t<section class=\"elementor-section elementor-inner-section elementor-element elementor-element-769e61b elementor-section-boxed elementor-section-height-default elementor-section-height-default edgtf-parallax-row-no edgtf-row-with-shadow-disabled edgtf-content-aligment-left edgtf-elementor-row-grid-no\" data-id=\"769e61b\" data-element_type=\"section\">\n\t\t\t\t\t\t<div class=\"elementor-container elementor-column-gap-default\">\n\t\t\t\t\t<div class=\"elementor-column elementor-col-50 elementor-inner-column elementor-element elementor-element-384c45e\" data-id=\"384c45e\" data-element_type=\"column\">\n\t\t\t<div class=\"elementor-widget-wrap elementor-element-populated\">\n\t\t\t\t\t\t<div class=\"elementor-element elementor-element-08afd66 elementor-widget elementor-widget-text-editor\" data-id=\"08afd66\" data-element_type=\"widget\" data-widget_type=\"text-editor.default\">\n\t\t\t\t<div class=\"elementor-widget-container\">\n\t\t\t\t\t\t\t<p><span style=\"text-decoration: underline;\">Adresse mail<\/span> : <strong>thomas.herrero.pro@gmail.com<\/strong><\/p><p><span style=\"text-decoration: underline;\">LinkedIn<\/span> : <a href=\"https:\/\/www.linkedin.com\/in\/thomas-herrero\/\">Thomas Herrero<\/a>\u00a0<\/p>\t\t\t\t\t\t<\/div>\n\t\t\t\t<\/div>\n\t\t\t\t\t<\/div>\n\t\t<\/div>\n\t\t\t\t<div class=\"elementor-column elementor-col-50 elementor-inner-column elementor-element elementor-element-5c97421\" data-id=\"5c97421\" data-element_type=\"column\">\n\t\t\t<div class=\"elementor-widget-wrap elementor-element-populated\">\n\t\t\t\t\t\t<div class=\"elementor-element elementor-element-19f3227 elementor-widget elementor-widget-text-editor\" data-id=\"19f3227\" data-element_type=\"widget\" data-widget_type=\"text-editor.default\">\n\t\t\t\t<div class=\"elementor-widget-container\">\n\t\t\t\t\t\t\t<p><span style=\"text-decoration: underline;\">Serveur Guilded<\/span> : <a href=\"https:\/\/www.guilded.gg\/r\/zzyjKdp1qR?i=d5y63Y1d\">Rejoignez-moi ici<\/a>\u00a0<\/p><p><span style=\"text-decoration: underline;\">ID Guilded<\/span> : <strong>TH\u03a9<\/strong><\/p><p><span style=\"text-decoration: underline;\">ID Discord<\/span> : <strong>TH\u03a9#9300<\/strong><\/p>\t\t\t\t\t\t<\/div>\n\t\t\t\t<\/div>\n\t\t\t\t\t<\/div>\n\t\t<\/div>\n\t\t\t\t\t<\/div>\n\t\t<\/section>\n\t\t\t\t\t<\/div>\n\t\t<\/div>\n\t\t\t\t\t<\/div>\n\t\t<\/section>\n\t\t\t\t<\/div>\n\t\t","protected":false},"excerpt":{"rendered":"<p>Qu&#8217;il s&#8217;agisse d&#8217;une simple question ou d&#8217;une collaboration potentielle, je serai ravi d&#8217;en parler avec vous. N&#8217;oubliez pas de me suivre sur LinkedIn pour rester \u00e0 jour sur mon parcours. Je suis impatient de commencer \u00e0 travailler avec vous pour d\u00e9velopper votre pr\u00e9sence en ligne et atteindre vos objectifs de marketing digital. Au [&hellip;]<\/p>\n","protected":false},"author":1,"featured_media":0,"parent":0,"menu_order":0,"comment_status":"closed","ping_status":"closed","template":"","meta":{"footnotes":""},"yoast_head":"<!-- This site is optimized with the Yoast SEO plugin v22.4 - https:\/\/yoast.com\/wordpress\/plugins\/seo\/ -->\n<title>Contact - Portfolio Thom\u00e9ga<\/title>\n<meta name=\"robots\" content=\"index, follow, max-snippet:-1, max-image-preview:large, max-video-preview:-1\" \/>\n<link rel=\"canonical\" href=\"https:\/\/thomasherrero.fr\/index.php\/contact\/\" \/>\n<meta property=\"og:locale\" content=\"en_US\" \/>\n<meta property=\"og:type\" content=\"article\" \/>\n<meta property=\"og:title\" content=\"Contact - Portfolio Thom\u00e9ga\" \/>\n<meta property=\"og:description\" content=\"Qu&#8217;il s&#8217;agisse d&#8217;une simple question ou d&#8217;une collaboration potentielle, je serai ravi d&#8217;en parler avec vous. N&#8217;oubliez pas de me suivre sur LinkedIn pour rester \u00e0 jour sur mon parcours. Je suis impatient de commencer \u00e0 travailler avec vous pour d\u00e9velopper votre pr\u00e9sence en ligne et atteindre vos objectifs de marketing digital. Au [&hellip;]\" \/>\n<meta property=\"og:url\" content=\"https:\/\/thomasherrero.fr\/index.php\/contact\/\" \/>\n<meta property=\"og:site_name\" content=\"Portfolio Thom\u00e9ga\" \/>\n<meta property=\"article:modified_time\" content=\"2023-06-29T20:07:55+00:00\" \/>\n<meta name=\"twitter:card\" content=\"summary_large_image\" \/>\n<meta name=\"twitter:label1\" content=\"Est. reading time\" \/>\n\t<meta name=\"twitter:data1\" content=\"1 minute\" \/>\n<script type=\"application\/ld+json\" class=\"yoast-schema-graph\">{\"@context\":\"https:\/\/schema.org\",\"@graph\":[{\"@type\":\"WebPage\",\"@id\":\"https:\/\/thomasherrero.fr\/index.php\/contact\/\",\"url\":\"https:\/\/thomasherrero.fr\/index.php\/contact\/\",\"name\":\"Contact - Portfolio Thom\u00e9ga\",\"isPartOf\":{\"@id\":\"https:\/\/thomasherrero.fr\/#website\"},\"datePublished\":\"2023-01-14T16:09:12+00:00\",\"dateModified\":\"2023-06-29T20:07:55+00:00\",\"breadcrumb\":{\"@id\":\"https:\/\/thomasherrero.fr\/index.php\/contact\/#breadcrumb\"},\"inLanguage\":\"en-US\",\"potentialAction\":[{\"@type\":\"ReadAction\",\"target\":[\"https:\/\/thomasherrero.fr\/index.php\/contact\/\"]}]},{\"@type\":\"BreadcrumbList\",\"@id\":\"https:\/\/thomasherrero.fr\/index.php\/contact\/#breadcrumb\",\"itemListElement\":[{\"@type\":\"ListItem\",\"position\":1,\"name\":\"Accueil\",\"item\":\"https:\/\/thomasherrero.fr\/\"},{\"@type\":\"ListItem\",\"position\":2,\"name\":\"Contact\"}]},{\"@type\":\"WebSite\",\"@id\":\"https:\/\/thomasherrero.fr\/#website\",\"url\":\"https:\/\/thomasherrero.fr\/\",\"name\":\"Portfolio Thom\u00e9ga\",\"description\":\"\",\"potentialAction\":[{\"@type\":\"SearchAction\",\"target\":{\"@type\":\"EntryPoint\",\"urlTemplate\":\"https:\/\/thomasherrero.fr\/?s={search_term_string}\"},\"query-input\":\"required name=search_term_string\"}],\"inLanguage\":\"en-US\"}]}<\/script>\n<!-- \/ Yoast SEO plugin. -->","yoast_head_json":{"title":"Contact - Portfolio Thom\u00e9ga","robots":{"index":"index","follow":"follow","max-snippet":"max-snippet:-1","max-image-preview":"max-image-preview:large","max-video-preview":"max-video-preview:-1"},"canonical":"https:\/\/thomasherrero.fr\/index.php\/contact\/","og_locale":"en_US","og_type":"article","og_title":"Contact - Portfolio Thom\u00e9ga","og_description":"Qu&#8217;il s&#8217;agisse d&#8217;une simple question ou d&#8217;une collaboration potentielle, je serai ravi d&#8217;en parler avec vous. N&#8217;oubliez pas de me suivre sur LinkedIn pour rester \u00e0 jour sur mon parcours. Je suis impatient de commencer \u00e0 travailler avec vous pour d\u00e9velopper votre pr\u00e9sence en ligne et atteindre vos objectifs de marketing digital. Au [&hellip;]","og_url":"https:\/\/thomasherrero.fr\/index.php\/contact\/","og_site_name":"Portfolio Thom\u00e9ga","article_modified_time":"2023-06-29T20:07:55+00:00","twitter_card":"summary_large_image","twitter_misc":{"Est. reading time":"1 minute"},"schema":{"@context":"https:\/\/schema.org","@graph":[{"@type":"WebPage","@id":"https:\/\/thomasherrero.fr\/index.php\/contact\/","url":"https:\/\/thomasherrero.fr\/index.php\/contact\/","name":"Contact - Portfolio Thom\u00e9ga","isPartOf":{"@id":"https:\/\/thomasherrero.fr\/#website"},"datePublished":"2023-01-14T16:09:12+00:00","dateModified":"2023-06-29T20:07:55+00:00","breadcrumb":{"@id":"https:\/\/thomasherrero.fr\/index.php\/contact\/#breadcrumb"},"inLanguage":"en-US","potentialAction":[{"@type":"ReadAction","target":["https:\/\/thomasherrero.fr\/index.php\/contact\/"]}]},{"@type":"BreadcrumbList","@id":"https:\/\/thomasherrero.fr\/index.php\/contact\/#breadcrumb","itemListElement":[{"@type":"ListItem","position":1,"name":"Accueil","item":"https:\/\/thomasherrero.fr\/"},{"@type":"ListItem","position":2,"name":"Contact"}]},{"@type":"WebSite","@id":"https:\/\/thomasherrero.fr\/#website","url":"https:\/\/thomasherrero.fr\/","name":"Portfolio Thom\u00e9ga","description":"","potentialAction":[{"@type":"SearchAction","target":{"@type":"EntryPoint","urlTemplate":"https:\/\/thomasherrero.fr\/?s={search_term_string}"},"query-input":"required name=search_term_string"}],"inLanguage":"en-US"}]}},"_links":{"self":[{"href":"https:\/\/thomasherrero.fr\/index.php\/wp-json\/wp\/v2\/pages\/6253"}],"collection":[{"href":"https:\/\/thomasherrero.fr\/index.php\/wp-json\/wp\/v2\/pages"}],"about":[{"href":"https:\/\/thomasherrero.fr\/index.php\/wp-json\/wp\/v2\/types\/page"}],"author":[{"embeddable":true,"href":"https:\/\/thomasherrero.fr\/index.php\/wp-json\/wp\/v2\/users\/1"}],"replies":[{"embeddable":true,"href":"https:\/\/thomasherrero.fr\/index.php\/wp-json\/wp\/v2\/comments?post=6253"}],"version-history":[{"count":24,"href":"https:\/\/thomasherrero.fr\/index.php\/wp-json\/wp\/v2\/pages\/6253\/revisions"}],"predecessor-version":[{"id":6787,"href":"https:\/\/thomasherrero.fr\/index.php\/wp-json\/wp\/v2\/pages\/6253\/revisions\/6787"}],"wp:attachment":[{"href":"https:\/\/thomasherrero.fr\/index.php\/wp-json\/wp\/v2\/media?parent=6253"}],"curies":[{"name":"wp","href":"https:\/\/api.w.org\/{rel}","templated":true}]}}